{"id":4417,"date":"2025-09-05T18:41:16","date_gmt":"2025-09-05T18:41:16","guid":{"rendered":"https:\/\/jiutepec.gob.mx\/?page_id=4417"},"modified":"2025-09-05T19:09:47","modified_gmt":"2025-09-05T19:09:47","slug":"instancia-de-la-mujer","status":"publish","type":"page","link":"https:\/\/jiutepec.gob.mx\/?page_id=4417","title":{"rendered":"INSTANCIA DE LA MUJER"},"content":{"rendered":"\t\t<div data-elementor-type=\"wp-page\" data-elementor-id=\"4417\" class=\"elementor elementor-4417\" data-elementor-post-type=\"page\">\n\t\t\t\t<div class=\"elementor-element elementor-element-f793540 e-con-full e-flex e-con e-parent\" data-id=\"f793540\" data-element_type=\"container\" data-settings=\"{&quot;background_background&quot;:&quot;classic&quot;}\">\n\t\t\t\t<div class=\"elementor-element elementor-element-350851a elementor-widget elementor-widget-heading\" data-id=\"350851a\" data-element_type=\"widget\" data-widget_type=\"heading.default\">\n\t\t\t\t<div class=\"elementor-widget-container\">\n\t\t\t\t\t<h2 class=\"elementor-heading-title elementor-size-default\">INSTANCIA DE LA MUJER<\/h2>\t\t\t\t<\/div>\n\t\t\t\t<\/div>\n\t\t\t\t<\/div>\n\t\t<div class=\"elementor-element elementor-element-d30b428 e-flex e-con-boxed e-con e-parent\" data-id=\"d30b428\" data-element_type=\"container\">\n\t\t\t\t\t<div class=\"e-con-inner\">\n\t\t\t\t<div class=\"elementor-element elementor-element-cf8bd9b elementor-widget elementor-widget-heading\" data-id=\"cf8bd9b\" data-element_type=\"widget\" data-widget_type=\"heading.default\">\n\t\t\t\t<div class=\"elementor-widget-container\">\n\t\t\t\t\t<h2 class=\"elementor-heading-title elementor-size-default\">SERVICIOS INSTANCIA DE LA MUJER<\/h2>\t\t\t\t<\/div>\n\t\t\t\t<\/div>\n\t\t\t\t\t<\/div>\n\t\t\t\t<\/div>\n\t\t<div class=\"elementor-element elementor-element-756e97e e-flex e-con-boxed e-con e-parent\" data-id=\"756e97e\" data-element_type=\"container\">\n\t\t\t\t\t<div class=\"e-con-inner\">\n\t\t<div class=\"elementor-element elementor-element-1ce2091 e-con-full e-flex e-con e-child\" data-id=\"1ce2091\" data-element_type=\"container\">\n\t\t\t\t<div class=\"elementor-element elementor-element-a3145b9 elementor-view-default elementor-widget elementor-widget-icon\" data-id=\"a3145b9\" data-element_type=\"widget\" data-widget_type=\"icon.default\">\n\t\t\t\t<div class=\"elementor-widget-container\">\n\t\t\t\t\t\t\t<div class=\"elementor-icon-wrapper\">\n\t\t\t<div class=\"elementor-icon\">\n\t\t\t<i aria-hidden=\"true\" class=\"icon icon-document\"><\/i>\t\t\t<\/div>\n\t\t<\/div>\n\t\t\t\t\t\t<\/div>\n\t\t\t\t<\/div>\n\t\t<div class=\"elementor-element elementor-element-38dc850 e-con-full e-flex e-con e-child\" data-id=\"38dc850\" data-element_type=\"container\" data-settings=\"{&quot;background_background&quot;:&quot;classic&quot;}\">\n\t\t\t\t<div class=\"elementor-element elementor-element-af7fe66 elementor-widget elementor-widget-heading\" data-id=\"af7fe66\" data-element_type=\"widget\" data-widget_type=\"heading.default\">\n\t\t\t\t<div class=\"elementor-widget-container\">\n\t\t\t\t\t<h2 class=\"elementor-heading-title elementor-size-default\">ASESOR\u00cdA JUR\u00cdDICA<\/h2>\t\t\t\t<\/div>\n\t\t\t\t<\/div>\n\t\t\t\t<div class=\"elementor-element elementor-element-b3270e4 elementor-align-center elementor-widget elementor-widget-button\" data-id=\"b3270e4\" data-element_type=\"widget\" data-widget_type=\"button.default\">\n\t\t\t\t<div class=\"elementor-widget-container\">\n\t\t\t\t\t\t\t\t\t<div class=\"elementor-button-wrapper\">\n\t\t\t\t\t<a class=\"elementor-button elementor-button-link elementor-size-sm\" href=\"https:\/\/jiutepec.gob.mx\/wp-content\/uploads\/2025\/09\/ASESORIA%20JURIDICA.pdf\" target=\"_blank\">\n\t\t\t\t\t\t<span class=\"elementor-button-content-wrapper\">\n\t\t\t\t\t\t\t\t\t<span class=\"elementor-button-text\">Descargar Ahora<\/span>\n\t\t\t\t\t<\/span>\n\t\t\t\t\t<\/a>\n\t\t\t\t<\/div>\n\t\t\t\t\t\t\t\t<\/div>\n\t\t\t\t<\/div>\n\t\t\t\t<\/div>\n\t\t\t\t<\/div>\n\t\t<div class=\"elementor-element elementor-element-152e9c1 e-con-full e-flex e-con e-child\" data-id=\"152e9c1\" data-element_type=\"container\">\n\t\t\t\t<div class=\"elementor-element elementor-element-f0d2d8a elementor-view-default elementor-widget elementor-widget-icon\" data-id=\"f0d2d8a\" data-element_type=\"widget\" data-widget_type=\"icon.default\">\n\t\t\t\t<div class=\"elementor-widget-container\">\n\t\t\t\t\t\t\t<div class=\"elementor-icon-wrapper\">\n\t\t\t<div class=\"elementor-icon\">\n\t\t\t<i aria-hidden=\"true\" class=\"icon icon-document\"><\/i>\t\t\t<\/div>\n\t\t<\/div>\n\t\t\t\t\t\t<\/div>\n\t\t\t\t<\/div>\n\t\t<div class=\"elementor-element elementor-element-1dd091f e-con-full e-flex e-con e-child\" data-id=\"1dd091f\" data-element_type=\"container\" data-settings=\"{&quot;background_background&quot;:&quot;classic&quot;}\">\n\t\t\t\t<div class=\"elementor-element elementor-element-5239a57 elementor-widget elementor-widget-heading\" data-id=\"5239a57\" data-element_type=\"widget\" data-widget_type=\"heading.default\">\n\t\t\t\t<div class=\"elementor-widget-container\">\n\t\t\t\t\t<h2 class=\"elementor-heading-title elementor-size-default\">TERAPIA PSICOL\u00d3GICA<\/h2>\t\t\t\t<\/div>\n\t\t\t\t<\/div>\n\t\t\t\t<div class=\"elementor-element elementor-element-737bb37 elementor-align-center elementor-widget elementor-widget-button\" data-id=\"737bb37\" data-element_type=\"widget\" data-widget_type=\"button.default\">\n\t\t\t\t<div class=\"elementor-widget-container\">\n\t\t\t\t\t\t\t\t\t<div class=\"elementor-button-wrapper\">\n\t\t\t\t\t<a class=\"elementor-button elementor-button-link elementor-size-sm\" href=\"https:\/\/jiutepec.gob.mx\/wp-content\/uploads\/2025\/09\/TERAPIA%20PSICOLOGICA.pdf\" target=\"_blank\">\n\t\t\t\t\t\t<span class=\"elementor-button-content-wrapper\">\n\t\t\t\t\t\t\t\t\t<span class=\"elementor-button-text\">Descargar Ahora<\/span>\n\t\t\t\t\t<\/span>\n\t\t\t\t\t<\/a>\n\t\t\t\t<\/div>\n\t\t\t\t\t\t\t\t<\/div>\n\t\t\t\t<\/div>\n\t\t\t\t<\/div>\n\t\t\t\t<\/div>\n\t\t<div class=\"elementor-element elementor-element-2c4a3d9 e-con-full e-flex e-con e-child\" data-id=\"2c4a3d9\" data-element_type=\"container\">\n\t\t\t\t<\/div>\n\t\t<div class=\"elementor-element elementor-element-72e329c e-con-full e-flex e-con e-child\" data-id=\"72e329c\" data-element_type=\"container\">\n\t\t\t\t<\/div>\n\t\t\t\t\t<\/div>\n\t\t\t\t<\/div>\n\t\t\t\t<\/div>\n\t\t","protected":false},"excerpt":{"rendered":"<p>SERVICIOS INSTANCIA DE LA MUJER ASESOR\u00cdA JUR\u00cdDICA Descargar Ahora TERAPIA PSICOL\u00d3GICA Descargar Ahora<\/p>\n","protected":false},"author":2,"featured_media":0,"parent":0,"menu_order":0,"comment_status":"closed","ping_status":"closed","template":"elementor_header_footer","meta":{"footnotes":""},"class_list":["post-4417","page","type-page","status-publish","hentry"],"_links":{"self":[{"href":"https:\/\/jiutepec.gob.mx\/index.php?rest_route=\/wp\/v2\/pages\/4417","targetHints":{"allow":["GET"]}}],"collection":[{"href":"https:\/\/jiutepec.gob.mx\/index.php?rest_route=\/wp\/v2\/pages"}],"about":[{"href":"https:\/\/jiutepec.gob.mx\/index.php?rest_route=\/wp\/v2\/types\/page"}],"author":[{"embeddable":true,"href":"https:\/\/jiutepec.gob.mx\/index.php?rest_route=\/wp\/v2\/users\/2"}],"replies":[{"embeddable":true,"href":"https:\/\/jiutepec.gob.mx\/index.php?rest_route=%2Fwp%2Fv2%2Fcomments&post=4417"}],"version-history":[{"count":5,"href":"https:\/\/jiutepec.gob.mx\/index.php?rest_route=\/wp\/v2\/pages\/4417\/revisions"}],"predecessor-version":[{"id":4431,"href":"https:\/\/jiutepec.gob.mx\/index.php?rest_route=\/wp\/v2\/pages\/4417\/revisions\/4431"}],"wp:attachment":[{"href":"https:\/\/jiutepec.gob.mx\/index.php?rest_route=%2Fwp%2Fv2%2Fmedia&parent=4417"}],"curies":[{"name":"wp","href":"https:\/\/api.w.org\/{rel}","templated":true}]}}